{"id":1223,"date":"2015-06-25T11:49:40","date_gmt":"2015-06-25T11:49:40","guid":{"rendered":"https:\/\/www.zouzoulahouse.com\/?page_id=1223"},"modified":"2016-01-11T10:00:31","modified_gmt":"2016-01-11T10:00:31","slug":"milina","status":"publish","type":"page","link":"https:\/\/www.zouzoulahouse.com\/de\/milina\/","title":{"rendered":"Milina"},"content":{"rendered":"<p>[et_pb_section admin_label=&#8221;section&#8221;][et_pb_row admin_label=&#8221;row&#8221;][et_pb_column type=&#8221;1_3&#8243;][et_pb_text admin_label=&#8221;\u039a\u03b5\u03af\u03bc\u03b5\u03bd\u03bf&#8221; background_layout=&#8221;light&#8221; text_orientation=&#8221;left&#8221; text_font_size=&#8221;14&#8243; use_border_color=&#8221;off&#8221; border_color=&#8221;#ffffff&#8221; border_style=&#8221;solid&#8221;]<\/p>\n<h2>Milina Pilion<\/h2>\n<p>Knapp vor der Stiefelspitze der Halbinsel Pilion liegt der Badeort Milina Pilion, etwa 50 Kilometer von Volos entfernt. In Milina Pilion befinden sich, neben Tavernen und kleinen Superm\u00e4rkten, auch einige Bars. Besonders beliebt sind in Milina kleine Festivals, die \u00fcber die Sommermonate stattfinden. Direkt in Milina gibt es einen entz\u00fcckenden Kiesstrand. Mit dem Mietwagen kann man von Milina fantastische Ausfl\u00fcge entlang der K\u00fcste oder in das gr\u00fcne Hinterland unternehmen. Auch die alten Fu\u00dfpfade von Milina Pilion bieten f\u00fcr Wanderfreunde interessante Touren, wie die sieben Kilometer lange Route zum Bergdorf Lafkos. Von Milina Pilion k\u00f6nnen spannende Bootstouren zu den Sporaden und den Inseln Alatas und Prassouda unternommen werden.<\/p>\n<p>[\/et_pb_text][\/et_pb_column][et_pb_column type=&#8221;2_3&#8243;][et_pb_image admin_label=&#8221;\u0395\u03b9\u03ba\u03cc\u03bd\u03b1&#8221; src=&#8221;https:\/\/www.zouzoulahouse.com\/wp-content\/uploads\/2015\/06\/pilion_milina01.jpg&#8221; show_in_lightbox=&#8221;off&#8221; url_new_window=&#8221;off&#8221; animation=&#8221;left&#8221; sticky=&#8221;off&#8221;]<\/p>\n<p>[\/et_pb_image][\/et_pb_column][\/et_pb_row][\/et_pb_section]<\/p>\n","protected":false},"excerpt":{"rendered":"<p>Milina Pilion Knapp vor der Stiefelspitze der Halbinsel Pilion liegt der Badeort Milina Pilion, etwa 50 Kilometer von Volos entfernt. In Milina Pilion befinden sich, neben Tavernen und kleinen Superm\u00e4rkten, auch einige Bars. Besonders beliebt sind in Milina kleine Festivals, die \u00fcber die Sommermonate stattfinden. Direkt in Milina gibt es einen entz\u00fcckenden Kiesstrand. Mit dem [&hellip;]<\/p>\n","protected":false},"author":1,"featured_media":0,"parent":0,"menu_order":0,"comment_status":"open","ping_status":"open","template":"","meta":{"_et_pb_use_builder":"on","_et_pb_old_content":"","_et_gb_content_width":"","footnotes":""},"class_list":["post-1223","page","type-page","status-publish","hentry"],"_links":{"self":[{"href":"https:\/\/www.zouzoulahouse.com\/de\/wp-json\/wp\/v2\/pages\/1223","targetHints":{"allow":["GET"]}}],"collection":[{"href":"https:\/\/www.zouzoulahouse.com\/de\/wp-json\/wp\/v2\/pages"}],"about":[{"href":"https:\/\/www.zouzoulahouse.com\/de\/wp-json\/wp\/v2\/types\/page"}],"author":[{"embeddable":true,"href":"https:\/\/www.zouzoulahouse.com\/de\/wp-json\/wp\/v2\/users\/1"}],"replies":[{"embeddable":true,"href":"https:\/\/www.zouzoulahouse.com\/de\/wp-json\/wp\/v2\/comments?post=1223"}],"version-history":[{"count":3,"href":"https:\/\/www.zouzoulahouse.com\/de\/wp-json\/wp\/v2\/pages\/1223\/revisions"}],"predecessor-version":[{"id":1366,"href":"https:\/\/www.zouzoulahouse.com\/de\/wp-json\/wp\/v2\/pages\/1223\/revisions\/1366"}],"wp:attachment":[{"href":"https:\/\/www.zouzoulahouse.com\/de\/wp-json\/wp\/v2\/media?parent=1223"}],"curies":[{"name":"wp","href":"https:\/\/api.w.org\/{rel}","templated":true}]}}