{"id":1512,"date":"2018-05-07T09:32:48","date_gmt":"2018-05-07T09:32:48","guid":{"rendered":"https:\/\/www.zouzoulahouse.com\/imprint\/"},"modified":"2018-05-07T09:38:24","modified_gmt":"2018-05-07T09:38:24","slug":"imprint","status":"publish","type":"page","link":"https:\/\/www.zouzoulahouse.com\/de\/imprint\/","title":{"rendered":"Impressum"},"content":{"rendered":"<p><strong>Zouzoula Apartments<\/strong><br \/>\nProperty: G. Zouzoulas<br \/>\nAuthorized representative: Dimos Tetzerakis<br \/>\nMilina Pelion<br \/>\n37006 Magnesia<br \/>\nTel: 24230 66063<br \/>\nMobile: 6974 289488<br \/>\nE-mail:\u00a0<a href=\"mailto:info@zouzoulahouse.com\">info@zouzoulahouse.com<\/a><br \/>\nTax ID: EL 072752794<br \/>\nMH.T.E .: 0726K122K0217900<\/p>\n<p>&nbsp;<\/p>\n<h2 data-fontsize=\"26\" data-lineheight=\"27\">Haftungsausschluss<\/h2>\n<p>Trotz sorgf\u00e4ltiger Pr\u00fcfung k\u00f6nnen wir keine Haftung f\u00fcr die Inhalte externer Links \u00fcbernehmen. F\u00fcr den Inhalt diese Seiten sind ausschlie\u00dflich deren Betreiber verantwortlich.<\/p>\n<p>Informationen zur Online-Streitbeilegungsplattform:<\/p>\n<p>Online-Streitbeilegung gem\u00e4\u00df Art. 14 Abs. 1 ODR-VO: Die Europ\u00e4ische Kommission stellt eine Plattform zur Online-Streitbeilegung (OS) bereit, die Sie unter\u00a0<a href=\"http:\/\/ec.europa.eu\/consumers\/odr\/\">http:\/\/ec.europa.eu\/consumers\/odr\/<\/a>\u00a0finden.<\/p>\n","protected":false},"excerpt":{"rendered":"<p>Zouzoula Apartments Property: G. Zouzoulas Authorized representative: Dimos Tetzerakis Milina Pelion 37006 Magnesia Tel: 24230 66063 Mobile: 6974 289488 E-mail:\u00a0info@zouzoulahouse.com Tax ID: EL 072752794 MH.T.E .: 0726K122K0217900 &nbsp; Haftungsausschluss Trotz sorgf\u00e4ltiger Pr\u00fcfung k\u00f6nnen wir keine Haftung f\u00fcr die Inhalte externer Links \u00fcbernehmen. F\u00fcr den Inhalt diese Seiten sind ausschlie\u00dflich deren Betreiber verantwortlich. Informationen zur Online-Streitbeilegungsplattform: [&hellip;]<\/p>\n","protected":false},"author":1,"featured_media":0,"parent":0,"menu_order":0,"comment_status":"closed","ping_status":"closed","template":"","meta":{"_et_pb_use_builder":"","_et_pb_old_content":"","_et_gb_content_width":"","footnotes":""},"class_list":["post-1512","page","type-page","status-publish","hentry"],"_links":{"self":[{"href":"https:\/\/www.zouzoulahouse.com\/de\/wp-json\/wp\/v2\/pages\/1512","targetHints":{"allow":["GET"]}}],"collection":[{"href":"https:\/\/www.zouzoulahouse.com\/de\/wp-json\/wp\/v2\/pages"}],"about":[{"href":"https:\/\/www.zouzoulahouse.com\/de\/wp-json\/wp\/v2\/types\/page"}],"author":[{"embeddable":true,"href":"https:\/\/www.zouzoulahouse.com\/de\/wp-json\/wp\/v2\/users\/1"}],"replies":[{"embeddable":true,"href":"https:\/\/www.zouzoulahouse.com\/de\/wp-json\/wp\/v2\/comments?post=1512"}],"version-history":[{"count":1,"href":"https:\/\/www.zouzoulahouse.com\/de\/wp-json\/wp\/v2\/pages\/1512\/revisions"}],"predecessor-version":[{"id":1514,"href":"https:\/\/www.zouzoulahouse.com\/de\/wp-json\/wp\/v2\/pages\/1512\/revisions\/1514"}],"wp:attachment":[{"href":"https:\/\/www.zouzoulahouse.com\/de\/wp-json\/wp\/v2\/media?parent=1512"}],"curies":[{"name":"wp","href":"https:\/\/api.w.org\/{rel}","templated":true}]}}