{"id":594,"date":"2013-11-05T16:05:30","date_gmt":"2013-11-05T16:05:30","guid":{"rendered":"https:\/\/www.zouzoulahouse.com\/%ce%b1%cf%81%cf%87%ce%b9%ce%ba%ce%ae-%cf%83%ce%b5%ce%bb%ce%af%ce%b4%ce%b1-2\/"},"modified":"2025-07-25T07:46:45","modified_gmt":"2025-07-25T07:46:45","slug":"%ce%b1%cf%81%cf%87%ce%b9%ce%ba%ce%ae-%cf%83%ce%b5%ce%bb%ce%af%ce%b4%ce%b1","status":"publish","type":"page","link":"https:\/\/www.zouzoulahouse.com\/de\/","title":{"rendered":"Startseite"},"content":{"rendered":"<p>[et_pb_section fb_built=&#8221;1&#8243; fullwidth=&#8221;on&#8221; admin_label=&#8221;section&#8221; _builder_version=&#8221;4.16&#8243; global_colors_info=&#8221;{}&#8221;][et_pb_fullwidth_slider show_arrows=&#8221;off&#8221; show_pagination=&#8221;off&#8221; admin_label=&#8221;Fullwidth Slider&#8221; _builder_version=&#8221;4.16&#8243; custom_padding=&#8221;|||&#8221; custom_padding_tablet=&#8221;|||&#8221; custom_padding_phone=&#8221;|||&#8221; box_shadow_style=&#8221;preset6&#8243; box_shadow_blur=&#8221;10px&#8221; box_shadow_color=&#8221;rgba(0,0,0,0.1)&#8221; remove_inner_shadow=&#8221;off&#8221; hide_content_on_mobile=&#8221;off&#8221; hide_cta_on_mobile=&#8221;off&#8221; show_inner_shadow=&#8221;on&#8221; global_colors_info=&#8221;{}&#8221; button_text_size__hover_enabled=&#8221;off&#8221; button_one_text_size__hover_enabled=&#8221;off&#8221; button_two_text_size__hover_enabled=&#8221;off&#8221; button_text_color__hover_enabled=&#8221;off&#8221; button_one_text_color__hover_enabled=&#8221;off&#8221; button_two_text_color__hover_enabled=&#8221;off&#8221; button_border_width__hover_enabled=&#8221;off&#8221; button_one_border_width__hover_enabled=&#8221;off&#8221; button_two_border_width__hover_enabled=&#8221;off&#8221; button_border_color__hover_enabled=&#8221;off&#8221; button_one_border_color__hover_enabled=&#8221;off&#8221; button_two_border_color__hover_enabled=&#8221;off&#8221; button_border_radius__hover_enabled=&#8221;off&#8221; button_one_border_radius__hover_enabled=&#8221;off&#8221; button_two_border_radius__hover_enabled=&#8221;off&#8221; button_letter_spacing__hover_enabled=&#8221;off&#8221; button_one_letter_spacing__hover_enabled=&#8221;off&#8221; button_two_letter_spacing__hover_enabled=&#8221;off&#8221; button_bg_color__hover_enabled=&#8221;off&#8221; button_one_bg_color__hover_enabled=&#8221;off&#8221; button_two_bg_color__hover_enabled=&#8221;off&#8221;][et_pb_slide heading=&#8221;Zouzoula House Milina&#8221; use_bg_overlay=&#8221;off&#8221; use_text_overlay=&#8221;on&#8221; text_overlay_color=&#8221;rgba(0,0,0,0.58)&#8221; text_border_radius=&#8221;47px&#8221; _builder_version=&#8221;4.16&#8243; header_font=&#8221;||||&#8221; body_font=&#8221;||||&#8221; background_color=&#8221;rgba(255,255,255,0)&#8221; background_image=&#8221;https:\/\/www.zouzoulahouse.com\/wp-content\/uploads\/2013\/11\/slider1_zouzoula.png&#8221; button_icon_placement=&#8221;right&#8221; button_on_hover=&#8221;on&#8221; global_colors_info=&#8221;{}&#8221; sticky_transition=&#8221;on&#8221; button_text_size__hover_enabled=&#8221;off&#8221; button_one_text_size__hover_enabled=&#8221;off&#8221; button_two_text_size__hover_enabled=&#8221;off&#8221; button_text_color__hover_enabled=&#8221;off&#8221; button_one_text_color__hover_enabled=&#8221;off&#8221; button_two_text_color__hover_enabled=&#8221;off&#8221; button_border_width__hover_enabled=&#8221;off&#8221; button_one_border_width__hover_enabled=&#8221;off&#8221; button_two_border_width__hover_enabled=&#8221;off&#8221; button_border_color__hover_enabled=&#8221;off&#8221; button_one_border_color__hover_enabled=&#8221;off&#8221; button_two_border_color__hover_enabled=&#8221;off&#8221; button_border_radius__hover_enabled=&#8221;off&#8221; button_one_border_radius__hover_enabled=&#8221;off&#8221; button_two_border_radius__hover_enabled=&#8221;off&#8221; button_letter_spacing__hover_enabled=&#8221;off&#8221; button_one_letter_spacing__hover_enabled=&#8221;off&#8221; button_two_letter_spacing__hover_enabled=&#8221;off&#8221; button_bg_color__hover_enabled=&#8221;off&#8221; button_one_bg_color__hover_enabled=&#8221;off&#8221; button_two_bg_color__hover_enabled=&#8221;off&#8221;]Herzlich Willkommen auf unserer Homepage!<br \/>\n6 Ferienappartements mit Meerblick<br \/>\n[\/et_pb_slide][\/et_pb_fullwidth_slider][\/et_pb_section][et_pb_section fb_built=&#8221;1&#8243; fullwidth=&#8221;on&#8221; _builder_version=&#8221;4.16&#8243; custom_padding=&#8221;|||120px&#8221; transparent_background=&#8221;off&#8221; global_colors_info=&#8221;{}&#8221;][et_pb_fullwidth_code _builder_version=&#8221;4.27.4&#8243; custom_margin=&#8221;10px|20px|10px|20px&#8221; hover_enabled=&#8221;0&#8243; global_colors_info=&#8221;{}&#8221; sticky_enabled=&#8221;0&#8243;]<!-- bookingWidget requires jQuery and jQueryUI --><!-- [et_pb_line_break_holder] --><!-- Include the following line ONCE ONLY on the page, preferably in the document head --><!-- [et_pb_line_break_holder] --><script src='https:\/\/media.xmlcal.com\/widget\/1.00\/js\/bookWidget.min.js'><\/script><!-- [et_pb_line_break_holder] --><!-- [et_pb_line_break_holder] --><!-- Place this div on your page where you want the widget to show --><!-- [et_pb_line_break_holder] --><\/p>\n<div id='bookWidget-16744-23046-0-1537965183'> <\/div>\n<p><!-- [et_pb_line_break_holder] --><!-- [et_pb_line_break_holder] --><!-- The following will initialize the widget in the above div --><!-- [et_pb_line_break_holder] --><script><!-- [et_pb_line_break_holder] -->jQuery(document).ready(function() {<!-- [et_pb_line_break_holder] -->\tjQuery('#bookWidget-16744-23046-0-1537965183').bookWidget({<!-- [et_pb_line_break_holder] -->\t\tpropid:23046,<!-- [et_pb_line_break_holder] -->\t\talignment:'center',<!-- [et_pb_line_break_holder] -->\t\tboxShadow:true,<!-- [et_pb_line_break_holder] -->\t\tdateFormat:'dd.mm.yy',<!-- [et_pb_line_break_holder] -->\t\tdateSelection:3,<!-- [et_pb_line_break_holder] -->\t\tdefaultNightsAdvance:0,<!-- [et_pb_line_break_holder] -->\t\tdefaultNumAdult:2,<!-- [et_pb_line_break_holder] -->\t\tdefaultNumNight:4,<!-- [et_pb_line_break_holder] -->\t\tformAction:'https:\/\/www.beds24.com\/booking.php',<!-- [et_pb_line_break_holder] -->\t\tformTarget:'bookingWindow',<!-- [et_pb_line_break_holder] -->\t\tmaxAdult:10,<!-- [et_pb_line_break_holder] -->\t\tmaxChild:9,<!-- [et_pb_line_break_holder] -->\t\tpeopleSelection:2,<!-- [et_pb_line_break_holder] -->\t\treferer:'Calender',<!-- [et_pb_line_break_holder] -->\t\tshowLabels:true,<!-- [et_pb_line_break_holder] -->\t\tweekFirstDay:1,<!-- [et_pb_line_break_holder] -->\t\twidgetLang:'en',<!-- [et_pb_line_break_holder] -->\t\twidgetType:'BookingStrip',<!-- [et_pb_line_break_holder] -->\t\twidth:'100%'<!-- [et_pb_line_break_holder] -->\t});<!-- [et_pb_line_break_holder] -->});<!-- [et_pb_line_break_holder] --><\/script><!-- [et_pb_line_break_holder] -->[\/et_pb_fullwidth_code][\/et_pb_section][et_pb_section fb_built=&#8221;1&#8243; admin_label=&#8221;section&#8221; _builder_version=&#8221;4.16&#8243; global_colors_info=&#8221;{}&#8221;][et_pb_row admin_label=&#8221;row&#8221; module_class=&#8221; et_pb_row_fullwidth&#8221; _builder_version=&#8221;4.16&#8243; background_size=&#8221;initial&#8221; background_position=&#8221;top_left&#8221; background_repeat=&#8221;repeat&#8221; width=&#8221;89%&#8221; width_tablet=&#8221;80%&#8221; width_last_edited=&#8221;on|desktop&#8221; max_width=&#8221;89%&#8221; max_width_tablet=&#8221;80%&#8221; max_width_last_edited=&#8221;on|desktop&#8221; custom_margin=&#8221;|||&#8221; custom_padding=&#8221;|20px||20px&#8221; box_shadow_style=&#8221;preset3&#8243; make_fullwidth=&#8221;on&#8221; global_colors_info=&#8221;{}&#8221; column_structure=&#8221;1_3,1_3,1_3&#8243; width_phone=&#8221;80%&#8221; max_width_phone=&#8221;80%&#8221;][et_pb_column type=&#8221;1_3&#8243; _builder_version=&#8221;4.16&#8243; custom_padding=&#8221;|||&#8221; global_colors_info=&#8221;{}&#8221; custom_padding__hover=&#8221;|||&#8221;][et_pb_blurb title=&#8221;Ihre Unterkunft&#8221; url=&#8221;https:\/\/www.zouzoulahouse.com\/de\/ihre-unterkunft\/&#8221; image=&#8221;https:\/\/www.zouzoulahouse.com\/wp-content\/uploads\/2013\/12\/zouzoula_5.jpg&#8221; _builder_version=&#8221;4.16&#8243; background_size=&#8221;initial&#8221; background_position=&#8221;top_left&#8221; background_repeat=&#8221;repeat&#8221; text_orientation=&#8221;center&#8221; global_colors_info=&#8221;{}&#8221;]Unser Haus ist 2-st\u00f6ckig und verf\u00fcgt \u00fcber 6 Wohneinheiten; vier davon mit Meerblick und zwei mit Bergblick. Alle Wohnungen sind standardm\u00e4\u00dfig ausgestattet und sehr gepflegt. Wir k\u00fcmmern uns steht um unsere G\u00e4ste und wir bem\u00fchen uns, dass es an nichts fehlt.<br \/>\n[\/et_pb_blurb][\/et_pb_column][et_pb_column type=&#8221;1_3&#8243; _builder_version=&#8221;4.16&#8243; custom_padding=&#8221;|||&#8221; global_colors_info=&#8221;{}&#8221; custom_padding__hover=&#8221;|||&#8221;][et_pb_blurb title=&#8221;Lage&#8221; url=&#8221;https:\/\/www.zouzoulahouse.com\/de\/lage\/&#8221; image=&#8221;https:\/\/www.zouzoulahouse.com\/wp-content\/uploads\/2013\/11\/IMG_3796.jpg&#8221; _builder_version=&#8221;4.16&#8243; background_size=&#8221;initial&#8221; background_position=&#8221;top_left&#8221; background_repeat=&#8221;repeat&#8221; text_orientation=&#8221;center&#8221; global_colors_info=&#8221;{}&#8221;]Fast am Ende der Landzunge der Halbinsel Pilion befindet sich der kleine Fischerort Milina. In dieser waldreichen Gegend waren vormals viele Holzschnitzer t\u00e4tig &#8211; heute zieht die idyllische Atmosph\u00e4re des Dorfes immer mehr Urlauber in dieses s\u00fcdliche Gebiet des Pilion am Pagasitikos Golf.<br \/>\n[\/et_pb_blurb][\/et_pb_column][et_pb_column type=&#8221;1_3&#8243; _builder_version=&#8221;4.16&#8243; custom_padding=&#8221;|||&#8221; global_colors_info=&#8221;{}&#8221; custom_padding__hover=&#8221;|||&#8221;][et_pb_blurb title=&#8221;Haus im Dorf&#8221; url=&#8221;https:\/\/www.zouzoulahouse.com\/de\/ferienhaus-im-dorf\/&#8221; image=&#8221;https:\/\/www.zouzoulahouse.com\/wp-content\/uploads\/2018\/09\/IMG_5532.jpg&#8221; _builder_version=&#8221;4.16&#8243; background_size=&#8221;initial&#8221; background_position=&#8221;top_left&#8221; background_repeat=&#8221;repeat&#8221; text_orientation=&#8221;center&#8221; global_colors_info=&#8221;{}&#8221;]Unsere Familie betreibt auch ein Ferienhaus im Dorf Milina. Es verf\u00fcgt \u00fcber drei Appartements mit&nbsp;Garten geeignet f\u00fcr Familien mit Kindern . Jede Wohnung hat eine K\u00fcche und einen Balkon mit Blick auf den Garten und die&nbsp;Zitronenb\u00e4umen. Unsere Familie wohnt&nbsp;in der zweiten Etage des Geb\u00e4udes.<br \/>\n[\/et_pb_blurb][\/et_pb_column][\/et_pb_row][\/et_pb_section][et_pb_section fb_built=&#8221;1&#8243; admin_label=&#8221;section&#8221; _builder_version=&#8221;4.16&#8243; background_color=&#8221;#ffffff&#8221; transparent_background=&#8221;off&#8221; global_colors_info=&#8221;{}&#8221;][et_pb_row admin_label=&#8221;row&#8221; _builder_version=&#8221;4.16&#8243; background_size=&#8221;initial&#8221; background_position=&#8221;top_left&#8221; background_repeat=&#8221;repeat&#8221; global_colors_info=&#8221;{}&#8221;][et_pb_column type=&#8221;4_4&#8243; _builder_version=&#8221;4.16&#8243; custom_padding=&#8221;|||&#8221; global_colors_info=&#8221;{}&#8221; custom_padding__hover=&#8221;|||&#8221;][et_pb_blog fullwidth=&#8221;off&#8221; posts_number=&#8221;3&#8243; include_categories=&#8221;5&#8243; show_author=&#8221;off&#8221; show_date=&#8221;off&#8221; show_categories=&#8221;off&#8221; show_pagination=&#8221;off&#8221; admin_label=&#8221;Blog&#8221; _builder_version=&#8221;4.16&#8243; global_colors_info=&#8221;{}&#8221;][\/et_pb_blog][\/et_pb_column][\/et_pb_row][et_pb_row admin_label=&#8221;row&#8221; _builder_version=&#8221;4.16&#8243; background_size=&#8221;initial&#8221; background_position=&#8221;top_left&#8221; background_repeat=&#8221;repeat&#8221; global_colors_info=&#8221;{}&#8221; column_structure=&#8221;2_3,1_3&#8243;][et_pb_column type=&#8221;2_3&#8243; _builder_version=&#8221;4.16&#8243; custom_padding=&#8221;|||&#8221; global_colors_info=&#8221;{}&#8221; custom_padding__hover=&#8221;|||&#8221;][et_pb_map address=&#8221;\u0395\u03c0\u03b1\u03c1\u03c7\u03b9\u03b1\u03ba\u03ae \u039f\u03b4\u03cc\u03c2 \u039c\u03b7\u03bb\u03af\u03bd\u03b1\u03c2-\u03a0\u03c1\u03bf\u03bc\u03ae\u03c1\u03b9\u03bf\u03c5, \u039d\u03cc\u03c4\u03b9\u03bf \u03a0\u03ae\u03bb\u03b9\u03bf, \u0395\u03bb\u03bb\u03ac\u03b4\u03b1&#8221; zoom_level=&#8221;13&#8243; address_lat=&#8221;39.17484630000003&#8243; address_lng=&#8221;23.25567810000007&#8243; mouse_wheel=&#8221;off&#8221; admin_label=&#8221;Map&#8221; _builder_version=&#8221;4.16&#8243; global_colors_info=&#8221;{}&#8221;][et_pb_map_pin pin_address=&#8221;\u039c\u03b7\u03bb\u03af\u03bd\u03b1, \u0395\u03bb\u03bb\u03ac\u03b4\u03b1&#8221; pin_address_lat=&#8221;39.1711081&#8243; pin_address_lng=&#8221;23.22110620000001&#8243; _builder_version=&#8221;3.0.47&#8243; global_colors_info=&#8221;{}&#8221;][\/et_pb_map_pin][\/et_pb_map][\/et_pb_column][et_pb_column type=&#8221;1_3&#8243; _builder_version=&#8221;4.16&#8243; custom_padding=&#8221;|||&#8221; global_colors_info=&#8221;{}&#8221; custom_padding__hover=&#8221;|||&#8221;][et_pb_text admin_label=&#8221;Text&#8221; _builder_version=&#8221;4.16&#8243; background_size=&#8221;initial&#8221; background_position=&#8221;top_left&#8221; background_repeat=&#8221;repeat&#8221; global_colors_info=&#8221;{}&#8221;]Das Haus befindet sich fast am Rande des Dorfes <b>Milina<\/b> gegen\u00fcber der unbewohnten <b>Insel Alatas<\/b> und nur 30 m vom Badestrand, der durch die Ortsstra\u00dfe getrennt wird.<b>Milina <\/b>ist das Tor zum S\u00fcd- und S\u00fcdost-<b>Pilion<\/b>. Von <b>Milina<\/b> aus k\u00f6nnen Sie Richtung Osten<b>Platanias<\/b> und <b>Mikro<\/b> wie auch<b>Katigiorgis <\/b>erreichen und Richtung S\u00fcden erreichen Sie <b>Trikeri,<\/b> <b>Agia Kyriaki<\/b> und die kleine bewohnte<b>Insel Trikeri<\/b>. Ein Ausflug dorthin ist empfehlenswert.<br \/>\n[\/et_pb_text][\/et_pb_column][\/et_pb_row][\/et_pb_section]<\/p>\n","protected":false},"excerpt":{"rendered":"<p>Herzlich Willkommen auf unserer Homepage! 6 Ferienappartements mit Meerblick Unser Haus ist 2-st\u00f6ckig und verf\u00fcgt \u00fcber 6 Wohneinheiten; vier davon mit Meerblick und zwei mit Bergblick. Alle Wohnungen sind standardm\u00e4\u00dfig ausgestattet und sehr gepflegt. Wir k\u00fcmmern uns steht um unsere G\u00e4ste und wir bem\u00fchen uns, dass es an nichts fehlt. Fast am Ende der Landzunge [&hellip;]<\/p>\n","protected":false},"author":1,"featured_media":0,"parent":0,"menu_order":0,"comment_status":"open","ping_status":"closed","template":"","meta":{"_et_pb_use_builder":"on","_et_pb_old_content":"<h2 style=\"text-align: justify;\">\u00dcber Milina<\/h2><p style=\"text-align: justify;\">Fast am Ende der Landzunge der Halbinsel Pilion befindet sich der kleine Fischerort Milina. In dieser waldreichen Gegend waren vormals viele Holzschnitzer t\u00e4tig - heute zieht die idyllische Atmosph\u00e4re des Dorfes immer mehr Urlauber in dieses s\u00fcdliche Gebiet des Pilion am Pagasitikos Golf.<br \/> Im Dorf gibt es Tavernen, Caf\u00e9s, Einkaufsm\u00f6glichkeiten und zwei Bootsanlegeplatze, von wo aus man die Besucher bei Ausfl\u00fcgen zu den Inseln Alatas und Prassouda oder zur etwas weiter entfernt liegenden Insel Trikeri bringt. Auch mit einem mitgebrachten Schlauchboot oder einem gemieteten Motorboot kann man die Insel Alatas problemlos auf eigene Faust erreichen.<\/p><p>\u00a0<\/p>","_et_gb_content_width":"","footnotes":""},"class_list":["post-594","page","type-page","status-publish","hentry"],"_links":{"self":[{"href":"https:\/\/www.zouzoulahouse.com\/de\/wp-json\/wp\/v2\/pages\/594","targetHints":{"allow":["GET"]}}],"collection":[{"href":"https:\/\/www.zouzoulahouse.com\/de\/wp-json\/wp\/v2\/pages"}],"about":[{"href":"https:\/\/www.zouzoulahouse.com\/de\/wp-json\/wp\/v2\/types\/page"}],"author":[{"embeddable":true,"href":"https:\/\/www.zouzoulahouse.com\/de\/wp-json\/wp\/v2\/users\/1"}],"replies":[{"embeddable":true,"href":"https:\/\/www.zouzoulahouse.com\/de\/wp-json\/wp\/v2\/comments?post=594"}],"version-history":[{"count":8,"href":"https:\/\/www.zouzoulahouse.com\/de\/wp-json\/wp\/v2\/pages\/594\/revisions"}],"predecessor-version":[{"id":1995,"href":"https:\/\/www.zouzoulahouse.com\/de\/wp-json\/wp\/v2\/pages\/594\/revisions\/1995"}],"wp:attachment":[{"href":"https:\/\/www.zouzoulahouse.com\/de\/wp-json\/wp\/v2\/media?parent=594"}],"curies":[{"name":"wp","href":"https:\/\/api.w.org\/{rel}","templated":true}]}}