{"id":609,"date":"2015-03-19T10:55:06","date_gmt":"2015-03-19T10:55:06","guid":{"rendered":"https:\/\/www.zouzoulahouse.com\/?page_id=609"},"modified":"2017-04-08T09:24:06","modified_gmt":"2017-04-08T09:24:06","slug":"ihre-unterkunft","status":"publish","type":"page","link":"https:\/\/www.zouzoulahouse.com\/de\/ihre-unterkunft\/","title":{"rendered":"Ihre Unterkunft"},"content":{"rendered":"<p>[et_pb_section admin_label=&#8221;section&#8221; fullwidth=&#8221;on&#8221; specialty=&#8221;off&#8221;][et_pb_fullwidth_slider admin_label=&#8221;Slider \u03c0\u03bb\u03ae\u03c1\u03bf\u03c5\u03c2 \u03c0\u03bb\u03ac\u03c4\u03bf\u03c5\u03c2&#8221; show_arrows=&#8221;on&#8221; show_pagination=&#8221;on&#8221; auto=&#8221;off&#8221; parallax=&#8221;off&#8221; parallax_method=&#8221;off&#8221; auto_ignore_hover=&#8221;off&#8221; remove_inner_shadow=&#8221;off&#8221; background_position=&#8221;default&#8221; background_size=&#8221;default&#8221; hide_content_on_mobile=&#8221;off&#8221; hide_cta_on_mobile=&#8221;off&#8221; show_image_video_mobile=&#8221;off&#8221; custom_button=&#8221;off&#8221; button_letter_spacing=&#8221;0&#8243; button_use_icon=&#8221;default&#8221; button_icon_placement=&#8221;right&#8221; button_on_hover=&#8221;on&#8221; button_letter_spacing_hover=&#8221;0&#8243;] [et_pb_slide background_image=&#8221;https:\/\/www.zouzoulahouse.com\/wp-content\/uploads\/2015\/03\/zouzoulas-2014-2.jpg&#8221; background_color=&#8221;#ffffff&#8221; alignment=&#8221;center&#8221; background_layout=&#8221;dark&#8221; allow_player_pause=&#8221;off&#8221; background_position=&#8221;default&#8221; background_size=&#8221;default&#8221; use_bg_overlay=&#8221;off&#8221; use_text_overlay=&#8221;off&#8221; text_border_radius=&#8221;3&#8243; header_font_select=&#8221;default&#8221; header_font=&#8221;||||&#8221; body_font_select=&#8221;default&#8221; body_font=&#8221;||||&#8221; custom_button=&#8221;off&#8221; button_font_select=&#8221;default&#8221; button_font=&#8221;||||&#8221; button_use_icon=&#8221;default&#8221; button_icon_placement=&#8221;right&#8221; button_on_hover=&#8221;on&#8221;] [\/et_pb_slide] [\/et_pb_fullwidth_slider][\/et_pb_section][et_pb_section admin_label=&#8221;section&#8221; fullwidth=&#8221;off&#8221; specialty=&#8221;on&#8221;][et_pb_column type=&#8221;3_4&#8243; specialty_columns=&#8221;3&#8243;][et_pb_row_inner admin_label=&#8221;row_inner&#8221;][et_pb_column_inner type=&#8221;1_2&#8243; saved_specialty_column_type=&#8221;3_4&#8243;][et_pb_text admin_label=&#8221;\u039a\u03b5\u03af\u03bc\u03b5\u03bd\u03bf&#8221; background_layout=&#8221;light&#8221; text_orientation=&#8221;left&#8221;]<\/p>\n<div class=\"paragraph\">\n<p>Unser Haus ist 2-st\u00f6ckig und verf\u00fcgt \u00fcber 6 Wohneinheiten; vier davon mit Meerblick und zwei mit Bergblick. Alle Wohnungen sind standardm\u00e4\u00dfig ausgestattet und sehr gepflegt. Wir k\u00fcmmern uns steht um unsere G\u00e4ste und wir bem\u00fchen uns, dass es an nichts fehlt.<\/p>\n<\/div>\n<div class=\"paragraph\">\n<p>Das Haus befindet sich fast am Rande des Dorfes Milina gegen\u00fcber der unbewohnten Insel Alatas und nur 30 m vom Badestrand, der durch die Ortsstra\u00dfe getrennt wird. Milina ist das Tor zum S\u00fcd- und S\u00fcdost-Pilion. Von Milina aus k\u00f6nnen Sie Richtung Osten Platanias und Mikro wie auch Katigiorgis erreichen und Richtung S\u00fcden erreichen Sie Trikeri, Agia Kyriaki und die kleine bewohnte Insel Trikeri. Ein Ausflug dorthin ist empfehlenswert.<\/p>\n<p><b>Parking:<\/b> direkt vor dem Haus (auf der Strasse)<br \/>\n<b>Strand:<\/b> direkt vor dem Haus Sand-Kiesstrand (ca. 30 m). Nat\u00fcrlich in der umliegenden Umgebung finden Sie viele kleine Buchten und Str\u00e4nde mit klarem Wasser.<br \/>\n<b>Unterhaltungs- und Einkaufsm\u00f6glichkeiten:<\/b> Ganz in der N\u00e4he und entlang der Promenade finden Sie sch\u00f6ne Tavernen, Cafes, Restaurants, traditionelle Ouzo-Tavernen und Lebensmittelgesch\u00e4fte. In Milina findet man auch viele Bioprodukten. Man kann in Milina auch kleine Motorboote mieten.<\/p>\n<\/div>\n<p>[\/et_pb_text][\/et_pb_column_inner][et_pb_column_inner type=&#8221;1_2&#8243; saved_specialty_column_type=&#8221;3_4&#8243;][et_pb_image admin_label=&#8221;\u0395\u03b9\u03ba\u03cc\u03bd\u03b1&#8221; src=&#8221;https:\/\/www.zouzoulahouse.com\/wp-content\/uploads\/2015\/03\/zouzoula_02_07.jpg&#8221; show_in_lightbox=&#8221;off&#8221; url_new_window=&#8221;off&#8221; animation=&#8221;left&#8221; sticky=&#8221;on&#8221;] [\/et_pb_image][\/et_pb_column_inner][\/et_pb_row_inner][et_pb_row_inner admin_label=&#8221;row_inner&#8221;][et_pb_column_inner type=&#8221;4_4&#8243; saved_specialty_column_type=&#8221;3_4&#8243;][et_pb_image admin_label=&#8221;\u0395\u03b9\u03ba\u03cc\u03bd\u03b1&#8221; src=&#8221;https:\/\/www.zouzoulahouse.com\/wp-content\/uploads\/2013\/11\/accommodation_01.jpg&#8221; show_in_lightbox=&#8221;off&#8221; url_new_window=&#8221;off&#8221; animation=&#8221;top&#8221; sticky=&#8221;off&#8221;] [\/et_pb_image][\/et_pb_column_inner][\/et_pb_row_inner][et_pb_row_inner admin_label=&#8221;row_inner&#8221;][et_pb_column_inner type=&#8221;1_2&#8243; saved_specialty_column_type=&#8221;3_4&#8243;][et_pb_text admin_label=&#8221;Text&#8221; background_layout=&#8221;light&#8221; text_orientation=&#8221;left&#8221;]<\/p>\n<h4>AUSSTATTUNG DES HAUSES<\/h4>\n<div class=\"paragraph\">\n<ul>\n<li>Haus mit 6 Wohneinheiten<\/li>\n<li>4 Wohnungen mit Meerblick<\/li>\n<li>2 Wohnungen mit Bergblick<\/li>\n<li>Kies\/Sandstrand 30 m<\/li>\n<li>Liegest\u00fchle f\u00fcr den Strand vorhanden<\/li>\n<li>Klimaanlage<\/li>\n<li>Wi-Fi Internet<\/li>\n<\/ul>\n<\/div>\n<p>[\/et_pb_text][\/et_pb_column_inner][et_pb_column_inner type=&#8221;1_2&#8243; saved_specialty_column_type=&#8221;3_4&#8243;][et_pb_text admin_label=&#8221;Text&#8221; background_layout=&#8221;light&#8221; text_orientation=&#8221;left&#8221;]<\/p>\n<h4>AUSSTATTUNG DER APPARTEMENTS<\/h4>\n<ul>\n<li>Balkon mit Gartenm\u00f6beln<\/li>\n<li>Veranda oder Balkon mit Meerblick<\/li>\n<li>Kochnische mit K\u00fchlschrank, Kaffeemaschine, Toaster, Wasserkocher etc.<\/li>\n<li>Schlafgalerie mit Doppelbett<\/li>\n<li>Doppelbett + Sofabett oder Schlafcouch<\/li>\n<li>Du\/WC<\/li>\n<li>2 Wohnungen ohne Meerblick<\/li>\n<li>Die Reinigung findet jeden 4. Tag statt<\/li>\n<li>Bettw\u00e4sche- und Handtuchwechsel jeden 4. Tag<\/li>\n<\/ul>\n<p>[\/et_pb_text][\/et_pb_column_inner][\/et_pb_row_inner][et_pb_row_inner admin_label=&#8221;row_inner&#8221;][et_pb_column_inner type=&#8221;4_4&#8243; saved_specialty_column_type=&#8221;3_4&#8243;][et_pb_video admin_label=&#8221;\u0392\u03af\u03bd\u03c4\u03b5\u03bf&#8221; src=&#8221;https:\/\/www.youtube.com\/watch?v=CKUuyhPSciE&#8221;] [\/et_pb_video][\/et_pb_column_inner][\/et_pb_row_inner][et_pb_row_inner admin_label=&#8221;row_inner&#8221;][et_pb_column_inner type=&#8221;4_4&#8243; saved_specialty_column_type=&#8221;3_4&#8243;][et_pb_blog admin_label=&#8221;Blog&#8221; fullwidth=&#8221;off&#8221; posts_number=&#8221;5&#8243; meta_date=&#8221;M j, Y&#8221; show_thumbnail=&#8221;on&#8221; show_content=&#8221;off&#8221; show_more=&#8221;on&#8221; show_author=&#8221;off&#8221; show_date=&#8221;off&#8221; show_categories=&#8221;off&#8221; show_pagination=&#8221;on&#8221; offset_number=&#8221;0&#8243; background_layout=&#8221;light&#8221;] [\/et_pb_blog][\/et_pb_column_inner][\/et_pb_row_inner][\/et_pb_column][et_pb_column type=&#8221;1_4&#8243;][et_pb_sidebar admin_label=&#8221;Sidebar&#8221; orientation=&#8221;right&#8221; area=&#8221;sidebar-1&#8243; background_layout=&#8221;light&#8221;] [\/et_pb_sidebar][\/et_pb_column][\/et_pb_section]<\/p>\n","protected":false},"excerpt":{"rendered":"<p>Unser Haus ist 2-st\u00f6ckig und verf\u00fcgt \u00fcber 6 Wohneinheiten; vier davon mit Meerblick und zwei mit Bergblick. Alle Wohnungen sind standardm\u00e4\u00dfig ausgestattet und sehr gepflegt. Wir k\u00fcmmern uns steht um unsere G\u00e4ste und wir bem\u00fchen uns, dass es an nichts fehlt. Das Haus befindet sich fast am Rande des Dorfes Milina gegen\u00fcber der unbewohnten Insel [&hellip;]<\/p>\n","protected":false},"author":1,"featured_media":0,"parent":0,"menu_order":0,"comment_status":"open","ping_status":"closed","template":"","meta":{"_et_pb_use_builder":"on","_et_pb_old_content":"<p>\u03a4\u03bf \u03ba\u03c4\u03ae\u03c1\u03b9\u03bf \u03cc\u03c0\u03bf\u03c5 \u03b2\u03c1\u03af\u03c3\u03ba\u03bf\u03bd\u03c4\u03b1\u03b9 \u03c4\u03b1 \u03b4\u03b9\u03b1\u03bc\u03b5\u03c1\u03af\u03c3\u03bc\u03b1\u03c4\u03ac \u03bc\u03b1\u03c2 \u03b5\u03af\u03bd\u03b1\u03b9 \u03b4\u03b9\u03ce\u03c1\u03bf\u03c6\u03bf \u03ba\u03b1\u03b9 \u03b4\u03b9\u03b1\u03b8\u03ad\u03c4\u03b5\u03b9 \u03ad\u03be\u03b9 \u03b5\u03c5\u03c1\u03cd\u03c7\u03c9\u03c1\u03b1 \u03b4\u03b9\u03b1\u03bc\u03b5\u03c1\u03af\u03c3\u03bc\u03b1\u03c4\u03b1 \u03b5\u03bd\u03cc\u03c2 \u03b4\u03c9\u03bc\u03b1\u03c4\u03af\u03bf\u03c5 \u03bc\u03b5 \u03c0\u03b1\u03c4\u03ac\u03c1\u03b9. \u03a4\u03ad\u03c3\u03c3\u03b5\u03c1\u03b1 \u03b1\u03c0\u03cc \u03c4\u03b1 \u03b4\u03b9\u03b1\u03bc\u03b5\u03c1\u03af\u03c3\u03bc\u03b1\u03c4\u03b1 \u03ad\u03c7\u03bf\u03c5\u03bd \u03b8\u03ad\u03b1 \u03c3\u03c4\u03b7\u03bd \u03b8\u03ac\u03bb\u03b1\u03c3\u03c3\u03b1, \u03ad\u03bd\u03b1 \u03ad\u03c7\u03b5\u03b9 \u03b8\u03ad\u03b1 \u03c3\u03c4\u03bf \u03b2\u03bf\u03c5\u03bd\u03cc \u03ba\u03b1\u03b9 \u03ad\u03bd\u03b1 \u03ad\u03c7\u03b5\u03b9 \u03b8\u03ad\u03b1 \u03c3\u03c4\u03bf\u03bd \u03ba\u03ae\u03c0\u03bf. \u03a4\u03c1\u03af\u03b1 \u03b1\u03c0\u03cc \u03b1\u03c5\u03c4\u03ac \u03b2\u03c1\u03af\u03c3\u03ba\u03bf\u03bd\u03c4\u03b1\u03b9 \u03c3\u03c4\u03bf \u03b9\u03c3\u03cc\u03b3\u03b5\u03b9\u03bf \u03ba\u03b1\u03b9 \u03c4\u03c1\u03af\u03b1 \u03c3\u03c4\u03bf\u03bd \u00a0\u03c0\u03c1\u03ce\u03c4\u03bf \u03cc\u03c1\u03bf\u03c6\u03bf.<\/p><p>\u03a0\u03c1\u03bf\u03c3\u03c0\u03b1\u03b8\u03ae\u03c3\u03b1\u03bc\u03b5 \u03bd\u03b1 \u03b5\u03be\u03bf\u03c0\u03bb\u03af\u03c3\u03bf\u03c5\u03bc\u03b5 \u03c4\u03b1 \u03b4\u03b9\u03b1\u03bc\u03b5\u03c1\u03af\u03c3\u03bc\u03b1\u03c4\u03b1 \u03bc\u03b5 \u03cc\u03bb\u03b1 \u03c4\u03b1 \u03b1\u03c0\u03b1\u03c1\u03b1\u03af\u03c4\u03b7\u03c4\u03b1 \u03ad\u03c4\u03c3\u03b9 \u03ce\u03c3\u03c4\u03b5 \u03bd\u03b1 \u03ba\u03ac\u03bd\u03bf\u03c5\u03bc\u03b5 \u03c4\u03b7\u03bd \u03b4\u03b9\u03b1\u03bc\u03bf\u03bd\u03ae \u03c3\u03b1\u03c2 \u03cc\u03c3\u03bf \u03c0\u03b9\u03bf \u03ac\u03bd\u03b5\u03c4\u03b7 \u03bc\u03c0\u03bf\u03c1\u03bf\u03cd\u03bc\u03b5 \u03ba\u03b1\u03b9 \u03bd\u03b1 \u03b1\u03c0\u03bf\u03bb\u03b1\u03cd\u03c3\u03b5\u03c4\u03b5 \u03c4\u03b9\u03c2 \u03b4\u03b9\u03b1\u03ba\u03bf\u03c0\u03ad\u03c2 \u03c3\u03b1\u03c2.<\/p><div class=\"heading\"><h3>\u038c\u03bb\u03b5\u03c2 \u03bf\u03b9 \u03c5\u03c0\u03b7\u03c1\u03b5\u03c3\u03af\u03b5\u03c2 \u03bc\u03b5 \u03bc\u03b9\u03b1 \u03bc\u03b1\u03c4\u03b9\u03ac<\/h3><\/div><div class=\"textwidget\"><ul><li><i class=\"fa fontawesome-icon fa-check size-small small circle-no\"><\/i>\u03a3\u03c0\u03af\u03c4\u03b9 \u03bc\u03b5 6 \u03b4\u03b9\u03b1\u03bc\u03b5\u03c1\u03af\u03c3\u03bc\u03b1\u03c4\u03b1<\/li><li>\u00a0<i class=\"fa fontawesome-icon fa-check size-small small circle-no\"><\/i>4 \u03b4\u03b9\u03b1\u03bc\u03b5\u03c1\u03af\u03c3\u03bc\u03b1\u03c4\u03b1 \u03bc\u03b5 \u03b8\u03ad\u03b1 \u03c3\u03c4\u03b7 \u03b8\u03ac\u03bb\u03b1\u03c3\u03c3\u03b1<\/li><li>\u00a0<i class=\"fa fontawesome-icon fa-check size-small small circle-no\"><\/i>2 \u03b4\u03b9\u03b1\u03bc\u03b5\u03c1\u03af\u03c3\u03bc\u03b1\u03c4\u03b1 \u03bc\u03b5 \u03b8\u03ad\u03b1 \u03c3\u03c4\u03bf \u03b2\u03bf\u03c5\u03bd\u03cc<\/li><li>\u00a0<i class=\"fa fontawesome-icon fa-check size-small small circle-no\"><\/i>\u03a3\u03c7\u03b5\u03b4\u03cc\u03bd \u03b1\u03ba\u03c1\u03b9\u03b2\u03ce\u03c2 \u03c0\u03ac\u03bd\u03c9 \u03c3\u03c4\u03b7\u03bd \u03c0\u03b1\u03c1\u03b1\u03bb\u03af\u03b1 (20 m)<\/li><li>\u00a0<i class=\"fa fontawesome-icon fa-check size-small small circle-no\"><\/i>WI-FI Internet<\/li><li>\u00a0<i class=\"fa fontawesome-icon fa-check size-small small circle-no\"><\/i>\u039a\u03bb\u03b9\u03bc\u03b1\u03c4\u03b9\u03c3\u03bc\u03cc\u03c2<\/li><\/ul><div class=\"heading\"><h3>\u03a7\u03b1\u03c1\u03b1\u03ba\u03c4\u03b7\u03c1\u03b9\u03c3\u03c4\u03b9\u03ba\u03ac \u03c4\u03c9\u03bd \u03b4\u03b9\u03b1\u03bc\u03b5\u03c1\u03b9\u03c3\u03bc\u03ac\u03c4\u03c9\u03bd<\/h3><\/div><div class=\"textwidget\"><ul><li>\u00a0<i class=\"fa fontawesome-icon fa-check size-small small circle-no\"><\/i>\u039a\u03bf\u03c5\u03b6\u03af\u03bd\u03b1 \u03bc\u03b5 \u03c8\u03c5\u03b3\u03b5\u03af\u03bf, \u03ba\u03b1\u03c6\u03b5\u03c4\u03b9\u03ad\u03c1\u03b1, \u03c4\u03bf\u03c3\u03c4\u03b9\u03ad\u03c1\u03b1, \u03b2\u03c1\u03b1\u03c3\u03c4\u03ae\u03c1\u03b1 \u03ba\u03c4\u03bb.<\/li><li>\u00a0<i class=\"fa fontawesome-icon fa-check size-small small circle-no\"><\/i>\u0394\u03b9\u03c0\u03bb\u03cc \u03ba\u03c1\u03b5\u03b2\u03ac\u03c4\u03b9 \u03ba\u03b1\u03b9 \u03ba\u03b1\u03bd\u03b1\u03c0\u03ad-\u03ba\u03c1\u03b5\u03b2\u03ac\u03c4\u03b9<\/li><li>\u00a0<i class=\"fa fontawesome-icon fa-check size-small small circle-no\"><\/i>\u039d\u03c4\u03bf\u03c5\u03c2 \/ WC (2 \u03b4\u03b9\u03b1\u03bc\u03b5\u03c1\u03af\u03c3\u03bc\u03b1\u03c4\u03b1 \u03bc\u03b5 \u03bc\u03c0\u03b1\u03bd\u03b9\u03ad\u03c1\u03b1)<\/li><li>\u00a0<i class=\"fa fontawesome-icon fa-check size-small small circle-no\"><\/i>\u0392\u03b5\u03c1\u03ac\u03bd\u03c4\u03b1 \u03ae \u03bc\u03c0\u03b1\u03bb\u03ba\u03cc\u03bd\u03b9 \u03bc\u03b5 \u03b8\u03ad\u03b1 \u03c3\u03c4\u03b7 \u03b8\u03ac\u03bb\u03b1\u03c3\u03c3\u03b1<\/li><li>\u00a0<i class=\"fa fontawesome-icon fa-check size-small small circle-no\"><\/i>2 \u03b4\u03b9\u03b1\u03bc\u03b5\u03c1\u03af\u03c3\u03bc\u03b1\u03c4\u03b1 \u03c7\u03c9\u03c1\u03af\u03c2 \u03b8\u03ad\u03b1 \u03c3\u03c4\u03b7 \u03b8\u03ac\u03bb\u03b1\u03c3\u03c3\u03b1<\/li><\/ul><\/div><\/div>","_et_gb_content_width":"","footnotes":""},"class_list":["post-609","page","type-page","status-publish","hentry"],"_links":{"self":[{"href":"https:\/\/www.zouzoulahouse.com\/de\/wp-json\/wp\/v2\/pages\/609","targetHints":{"allow":["GET"]}}],"collection":[{"href":"https:\/\/www.zouzoulahouse.com\/de\/wp-json\/wp\/v2\/pages"}],"about":[{"href":"https:\/\/www.zouzoulahouse.com\/de\/wp-json\/wp\/v2\/types\/page"}],"author":[{"embeddable":true,"href":"https:\/\/www.zouzoulahouse.com\/de\/wp-json\/wp\/v2\/users\/1"}],"replies":[{"embeddable":true,"href":"https:\/\/www.zouzoulahouse.com\/de\/wp-json\/wp\/v2\/comments?post=609"}],"version-history":[{"count":3,"href":"https:\/\/www.zouzoulahouse.com\/de\/wp-json\/wp\/v2\/pages\/609\/revisions"}],"predecessor-version":[{"id":1480,"href":"https:\/\/www.zouzoulahouse.com\/de\/wp-json\/wp\/v2\/pages\/609\/revisions\/1480"}],"wp:attachment":[{"href":"https:\/\/www.zouzoulahouse.com\/de\/wp-json\/wp\/v2\/media?parent=609"}],"curies":[{"name":"wp","href":"https:\/\/api.w.org\/{rel}","templated":true}]}}