{"id":613,"date":"2015-03-19T10:56:33","date_gmt":"2015-03-19T10:56:33","guid":{"rendered":"https:\/\/www.zouzoulahouse.com\/?page_id=613"},"modified":"2017-04-08T08:56:24","modified_gmt":"2017-04-08T08:56:24","slug":"lage","status":"publish","type":"page","link":"https:\/\/www.zouzoulahouse.com\/de\/lage\/","title":{"rendered":"Lage"},"content":{"rendered":"<p>[et_pb_section admin_label=&#8221;section&#8221; fullwidth=&#8221;on&#8221; specialty=&#8221;off&#8221; background_color=&#8221;#2ea3f2&#8243; inner_shadow=&#8221;on&#8221; parallax=&#8221;off&#8221;][et_pb_fullwidth_slider admin_label=&#8221;Fullwidth Slider&#8221; show_arrows=&#8221;on&#8221; show_pagination=&#8221;on&#8221; auto=&#8221;off&#8221; parallax=&#8221;off&#8221; parallax_method=&#8221;off&#8221; auto_ignore_hover=&#8221;off&#8221; remove_inner_shadow=&#8221;off&#8221; background_position=&#8221;default&#8221; background_size=&#8221;default&#8221; hide_content_on_mobile=&#8221;off&#8221; hide_cta_on_mobile=&#8221;off&#8221; show_image_video_mobile=&#8221;off&#8221; custom_button=&#8221;off&#8221; button_letter_spacing=&#8221;0&#8243; button_use_icon=&#8221;default&#8221; button_icon_placement=&#8221;right&#8221; button_on_hover=&#8221;on&#8221; button_letter_spacing_hover=&#8221;0&#8243;] [et_pb_slide background_image=&#8221;https:\/\/www.zouzoulahouse.com\/wp-content\/uploads\/2015\/03\/slider2_zouzoula.png&#8221; background_color=&#8221;#ffffff&#8221; alignment=&#8221;center&#8221; background_layout=&#8221;dark&#8221; allow_player_pause=&#8221;off&#8221; heading=&#8221;Milina Pilion&#8221; background_position=&#8221;default&#8221; background_size=&#8221;default&#8221; use_bg_overlay=&#8221;off&#8221; use_text_overlay=&#8221;on&#8221; text_overlay_color=&#8221;rgba(0,0,0,0.76)&#8221; text_border_radius=&#8221;3&#8243; header_font_select=&#8221;default&#8221; header_font=&#8221;||||&#8221; body_font_select=&#8221;default&#8221; body_font=&#8221;||||&#8221; custom_button=&#8221;off&#8221; button_font_select=&#8221;default&#8221; button_font=&#8221;||||&#8221; button_use_icon=&#8221;default&#8221; button_icon_placement=&#8221;right&#8221; button_on_hover=&#8221;on&#8221;] [\/et_pb_slide] [\/et_pb_fullwidth_slider][\/et_pb_section][et_pb_section admin_label=&#8221;section&#8221; fullwidth=&#8221;off&#8221; specialty=&#8221;on&#8221;][et_pb_column type=&#8221;3_4&#8243; specialty_columns=&#8221;3&#8243;][et_pb_row_inner admin_label=&#8221;row_inner&#8221;][et_pb_column_inner type=&#8221;4_4&#8243; saved_specialty_column_type=&#8221;3_4&#8243;][et_pb_text admin_label=&#8221;Text&#8221; background_layout=&#8221;light&#8221; text_orientation=&#8221;left&#8221;]<\/p>\n<p>Fast am Ende der Landzunge der Halbinsel Pilion befindet sich der kleine Fischerort Milina. In dieser waldreichen Gegend waren vormals viele Holzschnitzer t\u00e4tig &#8211; heute zieht die idyllische Atmosph\u00e4re des Dorfes immer mehr Urlauber in dieses s\u00fcdliche Gebiet des Pilion am Pagasitikos Golf.<\/p>\n<p>[\/et_pb_text][\/et_pb_column_inner][\/et_pb_row_inner][et_pb_row_inner admin_label=&#8221;row_inner&#8221;][et_pb_column_inner type=&#8221;1_2&#8243; saved_specialty_column_type=&#8221;3_4&#8243;][et_pb_text admin_label=&#8221;\u039a\u03b5\u03af\u03bc\u03b5\u03bd\u03bf&#8221; background_layout=&#8221;light&#8221; text_orientation=&#8221;left&#8221;]<\/p>\n<p>Im Dorf gibt es Tavernen, Caf\u00e9s, Einkaufsm\u00f6glichkeiten und zwei Bootsanlegeplatze, von wo aus man die Besucher bei Ausfl\u00fcgen zu den Inseln Alatas und Prassouda oder zur etwas weiter entfernt liegenden Insel Trikeri bringt. Auch mit einem mitgebrachten Schlauchboot oder einem gemieteten Motorboot kann man die Insel Alatas problemlos auf eigene Faust erreichen.<br \/>\n<strong>AUSFL\u00dcGE<\/strong><br \/>\nSie k\u00f6nnen von Kala Nera an einem Bootsausflug rund um Pagasitikos Golf teilnehmen oder von Platanias mit einem Ausflugsboot die Insel Skiathos besuchen. Mit dem Mietwagen k\u00f6nnen Sie viele Ausfl\u00fcge unternehmen und sogar Meteora Kl\u00f6ster besuchen.<\/p>\n<p>[\/et_pb_text][\/et_pb_column_inner][et_pb_column_inner type=&#8221;1_2&#8243; saved_specialty_column_type=&#8221;3_4&#8243;][et_pb_slider admin_label=&#8221;Slider&#8221; show_arrows=&#8221;on&#8221; show_pagination=&#8221;on&#8221; auto=&#8221;on&#8221; parallax=&#8221;off&#8221; parallax_method=&#8221;off&#8221;] [et_pb_slide background_image=&#8221;https:\/\/www.zouzoulahouse.com\/wp-content\/uploads\/2013\/11\/IMG_3794.jpg&#8221; background_color=&#8221;#ffffff&#8221; alignment=&#8221;center&#8221; background_layout=&#8221;dark&#8221; allow_player_pause=&#8221;off&#8221; \/][et_pb_slide background_image=&#8221;https:\/\/www.zouzoulahouse.com\/wp-content\/uploads\/2013\/11\/IMG_7314.jpg&#8221; background_color=&#8221;#ffffff&#8221; alignment=&#8221;center&#8221; background_layout=&#8221;dark&#8221; allow_player_pause=&#8221;off&#8221; \/][et_pb_slide background_image=&#8221;https:\/\/www.zouzoulahouse.com\/wp-content\/uploads\/2015\/03\/milina_05.jpg&#8221; background_color=&#8221;#ffffff&#8221; alignment=&#8221;center&#8221; background_layout=&#8221;dark&#8221; allow_player_pause=&#8221;off&#8221; \/][et_pb_slide background_image=&#8221;https:\/\/www.zouzoulahouse.com\/wp-content\/uploads\/2013\/11\/milina_03.jpg&#8221; background_color=&#8221;#ffffff&#8221; alignment=&#8221;center&#8221; background_layout=&#8221;dark&#8221; allow_player_pause=&#8221;off&#8221; \/][et_pb_slide background_image=&#8221;https:\/\/www.zouzoulahouse.com\/wp-content\/uploads\/2013\/11\/milina_02.jpg&#8221; background_color=&#8221;#ffffff&#8221; alignment=&#8221;center&#8221; background_layout=&#8221;dark&#8221; allow_player_pause=&#8221;off&#8221; \/][et_pb_slide background_image=&#8221;https:\/\/www.zouzoulahouse.com\/wp-content\/uploads\/2013\/11\/milina_01.jpg&#8221; background_color=&#8221;#ffffff&#8221; alignment=&#8221;center&#8221; background_layout=&#8221;dark&#8221; allow_player_pause=&#8221;off&#8221; \/] [\/et_pb_slider][\/et_pb_column_inner][\/et_pb_row_inner][et_pb_row_inner admin_label=&#8221;row_inner&#8221;][et_pb_column_inner type=&#8221;4_4&#8243; saved_specialty_column_type=&#8221;3_4&#8243;][et_pb_accordion admin_label=&#8221;Accordion&#8221;] [et_pb_accordion_item title=&#8221; Entfernungen&#8221;]<\/p>\n<ul>\n<li>Strand\u00a020 m.<\/li>\n<li>Milina Zentrum\u00a0400 m.<\/li>\n<li>Tavernen\u00a050-100 m.<\/li>\n<li>Mini market\u00a0100 m.<\/li>\n<li>Haltestelle\u00a0200\u00a0m<\/li>\n<li>Bahnhof\u00a047 km.<\/li>\n<li>Bus\u00a047 km.<\/li>\n<li>Krankehaus\u00a047 km.<\/li>\n<\/ul>\n<p>[\/et_pb_accordion_item][et_pb_accordion_item title=&#8221;Entfernungen in Pilion&#8221;]<\/p>\n<ul>\n<li>Volos\u00a047 km.<\/li>\n<li>Afissos\u00a021 km.<\/li>\n<li>Lefokastro17 km.<\/li>\n<li>Milies\u00a030 km.<\/li>\n<li>Trikeri\u00a029 km.<\/li>\n<li>Tsagarada\u00a041 km.<\/li>\n<li>Makrinitsa\u00a055 km.<\/li>\n<\/ul>\n<p>[\/et_pb_accordion_item][et_pb_accordion_item title=&#8221;Entfernungen Griechenland&#8221;]<\/p>\n<ul>\n<li>Athen\u00a0373 km.<\/li>\n<li>Thessaloniki\u00a0253 km.<\/li>\n<li>Patras\u00a0350 km.<\/li>\n<li>Ioannina\u00a0289 km.<\/li>\n<\/ul>\n<p>[\/et_pb_accordion_item] [\/et_pb_accordion][\/et_pb_column_inner][\/et_pb_row_inner][et_pb_row_inner admin_label=&#8221;row_inner&#8221;][et_pb_column_inner type=&#8221;4_4&#8243; saved_specialty_column_type=&#8221;3_4&#8243;][et_pb_text admin_label=&#8221;\u039a\u03b5\u03af\u03bc\u03b5\u03bd\u03bf&#8221; background_layout=&#8221;light&#8221; text_orientation=&#8221;left&#8221; text_font_size=&#8221;14&#8243; use_border_color=&#8221;off&#8221; border_color=&#8221;#ffffff&#8221; border_style=&#8221;solid&#8221;]<\/p>\n<p><iframe loading=\"lazy\" src=\"https:\/\/www.google.com\/maps\/d\/embed?mid=zFyAinZ3l-1M.kSwdxY1EX9SA\" width=\"800\" height=\"480\"><\/iframe><\/p>\n<p>[\/et_pb_text][\/et_pb_column_inner][\/et_pb_row_inner][\/et_pb_column][et_pb_column type=&#8221;1_4&#8243;][et_pb_sidebar admin_label=&#8221;Sidebar&#8221; orientation=&#8221;right&#8221; area=&#8221;sidebar-1&#8243; background_layout=&#8221;light&#8221;] [\/et_pb_sidebar][\/et_pb_column][\/et_pb_section]<\/p>\n","protected":false},"excerpt":{"rendered":"<p>Fast am Ende der Landzunge der Halbinsel Pilion befindet sich der kleine Fischerort Milina. In dieser waldreichen Gegend waren vormals viele Holzschnitzer t\u00e4tig &#8211; heute zieht die idyllische Atmosph\u00e4re des Dorfes immer mehr Urlauber in dieses s\u00fcdliche Gebiet des Pilion am Pagasitikos Golf. Im Dorf gibt es Tavernen, Caf\u00e9s, Einkaufsm\u00f6glichkeiten und zwei Bootsanlegeplatze, von wo [&hellip;]<\/p>\n","protected":false},"author":1,"featured_media":0,"parent":0,"menu_order":0,"comment_status":"open","ping_status":"closed","template":"","meta":{"_et_pb_use_builder":"on","_et_pb_old_content":"<h1>\u039c\u03b7\u03bb\u03af\u03bd\u03b1 \u2013 \u03a0\u03ae\u03bb\u03b9\u03bf<\/h1><p>\u03a4\u03b1 \u03b4\u03b9\u03b1\u03bc\u03b5\u03c1\u03af\u03c3\u03bc\u03b1\u03c4\u03b1 \u03b2\u03c1\u03af\u03c3\u03ba\u03bf\u03bd\u03c4\u03b1\u03b9 \u03c3\u03c7\u03b5\u03b4\u03cc\u03bd \u03c3\u03c4\u03b7\u03bd \u03ac\u03ba\u03c1\u03b7 \u03c4\u03bf\u03c5 \u03c7\u03c9\u03c1\u03b9\u03bf\u03cd \u03c4\u03b7\u03c2 \u039c\u03b7\u03bb\u03af\u03bd\u03b1\u03c2 \u03b1\u03c0\u03ad\u03bd\u03b1\u03bd\u03c4\u03b9\u00a0\u03b1\u03c0\u03cc\u00a0\u03c4\u03bf \u03bd\u03b7\u03c3\u03af \u0391\u03bb\u03b1\u03c4\u03ac\u03c2 \u03ba\u03b1\u03b9 \u03bc\u03cc\u03bb\u03b9\u03c2 20 \u03bc\u03ad\u03c4\u03c1\u03b1 \u03b1\u03c0\u03cc \u03c4\u03b7\u03bd \u03c0\u03b1\u03c1\u03b1\u03bb\u03af\u03b1 \u03cc\u03c0\u03bf\u03c5 \u00a0\u03bc\u03c0\u03bf\u03c1\u03b5\u03af\u03c4\u03b5 \u03bd\u03b1 \u03b1\u03c0\u03bf\u03bb\u03b1\u03cd\u03c3\u03b5\u03c4\u03b5 \u03ba\u03b1\u03b8\u03b7\u03bc\u03b5\u03c1\u03b9\u03bd\u03ac \u03c4\u03bf \u03bc\u03c0\u03ac\u03bd\u03b9\u03bf \u03c3\u03b1\u03c2.<\/p><p>\u03a4\u03b1\u03b2\u03ad\u03c1\u03bd\u03b5\u03c2, \u03b5\u03c3\u03c4\u03b9\u03b1\u03c4\u03cc\u03c1\u03b9\u03b1, \u03ba\u03b1\u03c6\u03b5\u03c4\u03ad\u03c1\u03b9\u03b5\u03c2, \u03bc\u03af\u03bd\u03b9 \u03bc\u03ac\u03c1\u03ba\u03b5\u03c4 \u03ba\u03b1\u03b9 \u03b4\u03b9\u03ac\u03c6\u03bf\u03c1\u03b1 \u03ba\u03b1\u03c4\u03b1\u03c3\u03c4\u03ae\u03bc\u03b1\u03c4\u03b1 \u03b2\u03c1\u03af\u03c3\u03ba\u03bf\u03bd\u03c4\u03b1\u03b9 \u03c3\u03b5 \u03bc\u03b9\u03ba\u03c1\u03ae \u03b1\u03c0\u03cc\u03c3\u03c4\u03b1\u03c3\u03b7.\u00a0\u0397 \u03c4\u03bf\u03c0\u03bf\u03b8\u03b5\u03c3\u03af\u03b1 \u03bc\u03b1\u03c2 \u03b5\u03af\u03bd\u03b1\u03b9 \u03b9\u03b4\u03b1\u03bd\u03b9\u03ba\u03ae \u03b3\u03b9\u03b1 \u03b5\u03be\u03bf\u03c1\u03bc\u03ae\u03c3\u03b5\u03b9\u03c2 \u03c0\u03c1\u03bf\u03c2 \u03cc\u03bb\u03b1 \u03c4\u03b1 \u03c7\u03c9\u03c1\u03b9\u03ac \u03c4\u03bf\u03c5 \u039d\u03bf\u03c4\u03af\u03bf\u03c5 \u03a0\u03b7\u03bb\u03af\u03bf\u03c5.<br \/> \u0391\u03c0\u03cc \u03c4\u03b7\u03bd \u039c\u03b7\u03bb\u03af\u03bd\u03b1, \u03bc\u03b5 \u03ba\u03b1\u03c4\u03b5\u03cd\u03b8\u03c5\u03bd\u03c3\u03b7 \u03b1\u03bd\u03b1\u03c4\u03bf\u03bb\u03b9\u03ba\u03ac \u03b8\u03b1 \u03c3\u03c5\u03bd\u03b1\u03bd\u03c4\u03ae\u03c3\u03b5\u03c4\u03b5 \u03c4\u03bf\u03bd \u03a0\u03bb\u03b1\u03c4\u03b1\u03bd\u03b9\u03ac \u03ba\u03b1\u03b9 \u03c4\u03bf \u039c\u03b9\u03ba\u03c1\u03cc, \u03ba\u03b1\u03b8\u03ce\u03c2 \u03b5\u03c0\u03af\u03c3\u03b7\u03c2 \u03ba\u03b1\u03b9 \u03c4\u03bf\u03bd \u039a\u03b1\u03c4\u03b7\u03b3\u03b9\u03ce\u03c1\u03b3\u03b7. \u0395\u03ac\u03bd \u03c3\u03c5\u03bd\u03b5\u03c7\u03af\u03c3\u03b5\u03c4\u03b5 \u03c0\u03c1\u03bf\u03c2 \u03c4\u03b1 \u03bd\u03cc\u03c4\u03b9\u03b1 \u03b8\u03b1 \u03c3\u03c5\u03bd\u03b1\u03bd\u03c4\u03ae\u03c3\u03b5\u03c4\u03b5 \u03c4\u03bf \u03a4\u03c1\u03af\u03ba\u03b5\u03c1\u03b9, \u03c4\u03b7\u03bd \u0391\u03b3\u03af\u03b1 \u039a\u03c5\u03c1\u03b9\u03b1\u03ba\u03ae \u03ba\u03b1\u03b9 \u03c4\u03bf \u03bd\u03b7\u03c3\u03af \u03a4\u03c1\u03af\u03ba\u03b5\u03c1\u03b9.<\/p><p>\u00a0<\/p><div class=\"fusion-table table-1\"><table border=\"1\" width=\"100%\" cellspacing=\"0\" cellpadding=\"0\"><tbody><tr><td width=\"33%\">\u00a0<\/td><td width=\"33%\"><h4>\u00a0\u0391\u03c0\u03bf\u03c3\u03c4\u03ac\u03c3\u03b5\u03b9\u03c2 \u03b1\u03c0\u03cc \u03c4\u03bf \u03ba\u03b1\u03c4\u03ac\u03bb\u03c5\u03bc\u03b1<\/h4><\/td><td width=\"34%\">\u00a0<\/td><\/tr><tr><td width=\"33%\"><ul><li>\u03a0\u03b1\u03c1\u03b1\u03bb\u03af\u03b1 20 \u03bc.<\/li><li>\u039a\u03ad\u03bd\u03c4\u03c1\u03bf \u03c7\u03c9\u03c1\u03b9\u03bf\u03cd \u039c\u03b7\u03bb\u03af\u03bd\u03b1 400 \u03bc.<\/li><li>\u03a4\u03b1\u03b2\u03ad\u03c1\u03bd\u03b5\u03c2 \u039c\u03b7\u03bb\u03af\u03bd\u03b1 50-100 \u03bc.<\/li><li>\u039c\u03ac\u03c1\u03ba\u03b5\u03c4 100 \u03bc.<\/li><li>\u03a3\u03c4\u03ac\u03c3\u03b7 \u03bb\u03b5\u03c9\u03c6\u03bf\u03c1\u03b5\u03af\u03bf\u03c5 200 \u03bc<\/li><li>\u03a3.\u03a3\u03c4\u03b1\u03b8\u03bc\u03cc\u03c2 \u0392\u03cc\u03bb\u03bf\u03c5 47 \u03c7\u03bc.<\/li><li>\u039a\u03a4\u0395\u039b \u0392\u03cc\u03bb\u03bf\u03c5 47 \u03c7\u03bc.<\/li><li>\u039d\u03bf\u03c3\u03bf\u03ba\u03bf\u03bc\u03b5\u03af\u03bf \u0392\u03cc\u03bb\u03bf\u03c5 47 \u03c7\u03bc.<\/li><li>\u0399\u03b1\u03c4\u03c1\u03b9\u03ba\u03cc \u03ba\u03ad\u03bd\u03c4\u03c1\u03bf \u0391\u03c1\u03b3\u03b1\u03bb\u03b1\u03c3\u03c4\u03ae\u03c2 \u00a09 \u03c7\u03bc.<\/li><\/ul><\/td><td width=\"33%\"><ul><li>\u0392\u03cc\u03bb\u03bf\u03c2 47 \u03c7\u03bc.<\/li><li>\u0386\u03c6\u03b7\u03c3\u03c3\u03bf\u03c2 \u00a021 \u03c7\u03bc.<\/li><li>\u039b\u03b5\u03c6\u03cc\u03ba\u03b1\u03c3\u03c4\u03c1\u03bf 17 \u03c7\u03bc.<\/li><li>\u039c\u03b7\u03bb\u03b9\u03ad\u03c2 30 \u03c7\u03bc.<\/li><li>\u03a4\u03c1\u03af\u03ba\u03b5\u03c1\u03b9 29 \u03c7\u03bc.<\/li><li>\u03a4\u03c3\u03b1\u03b3\u03ba\u03b1\u03c1\u03ac\u03b4\u03b1 41 \u03c7\u03bc.<\/li><li>\u039c\u03b1\u03ba\u03c1\u03b9\u03bd\u03af\u03c4\u03c3\u03b1 55 \u03c7\u03bc.<\/li><\/ul><\/td><td width=\"34%\"><ul><li>\u0391\u03b8\u03ae\u03bd\u03b1 373 \u03c7\u03bc.<\/li><li>\u0398\u03b5\u03c3\u03c3\u03b1\u03bb\u03bf\u03bd\u03af\u03ba\u03b7 253 \u03c7\u03bc.<\/li><li>\u03a0\u03ac\u03c4\u03c1\u03b1 350 \u03c7\u03bc.<\/li><li>\u0399\u03c9\u03ac\u03bd\u03bd\u03b9\u03bd\u03b1 289 \u03c7\u03bc.<\/li><li>\u039b\u03ac\u03c1\u03b9\u03c3\u03b1 105 \u03c7\u03bc.<\/li><li>\u03a4\u03c1\u03af\u03ba\u03b1\u03bb\u03b1 164 \u03c7\u03bc.<\/li><li>\u039a\u03b1\u03c1\u03b4\u03af\u03c4\u03c3\u03b1 157 \u03c7\u03bc.<\/li><\/ul><\/td><\/tr><\/tbody><\/table><p><iframe src=\"https:\/\/mapsengine.google.com\/maps\/d\/embed?mid=z10MtlSj3eiE.k8VkdH6elcCo\" width=\"700\" height=\"480\"><\/iframe><\/p><\/div><p>\u00a0<\/p><h2>\u03a6\u03c9\u03c4\u03bf\u03b3\u03c1\u03b1\u03c6\u03af\u03b5\u03c2 \u03b1\u03c0\u03cc \u03c4\u03b7\u03bd \u03c0\u03b5\u03c1\u03b9\u03bf\u03c7\u03ae<\/h2><p>[nggallery id=2]<\/p><p>\u00a0<\/p>","_et_gb_content_width":"","footnotes":""},"class_list":["post-613","page","type-page","status-publish","hentry"],"_links":{"self":[{"href":"https:\/\/www.zouzoulahouse.com\/de\/wp-json\/wp\/v2\/pages\/613","targetHints":{"allow":["GET"]}}],"collection":[{"href":"https:\/\/www.zouzoulahouse.com\/de\/wp-json\/wp\/v2\/pages"}],"about":[{"href":"https:\/\/www.zouzoulahouse.com\/de\/wp-json\/wp\/v2\/types\/page"}],"author":[{"embeddable":true,"href":"https:\/\/www.zouzoulahouse.com\/de\/wp-json\/wp\/v2\/users\/1"}],"replies":[{"embeddable":true,"href":"https:\/\/www.zouzoulahouse.com\/de\/wp-json\/wp\/v2\/comments?post=613"}],"version-history":[{"count":4,"href":"https:\/\/www.zouzoulahouse.com\/de\/wp-json\/wp\/v2\/pages\/613\/revisions"}],"predecessor-version":[{"id":1472,"href":"https:\/\/www.zouzoulahouse.com\/de\/wp-json\/wp\/v2\/pages\/613\/revisions\/1472"}],"wp:attachment":[{"href":"https:\/\/www.zouzoulahouse.com\/de\/wp-json\/wp\/v2\/media?parent=613"}],"curies":[{"name":"wp","href":"https:\/\/api.w.org\/{rel}","templated":true}]}}