{"id":616,"date":"2014-01-05T12:43:50","date_gmt":"2014-01-05T12:43:50","guid":{"rendered":"https:\/\/www.zouzoulahouse.com\/%cf%80%ce%bf%ce%bb%ce%b9%cf%84%ce%b9%ce%ba%ce%ae-%ce%b1%ce%ba%cf%85%cf%81%cf%8e%cf%83%ce%b5%cf%89%ce%bd-2\/"},"modified":"2018-05-07T10:29:54","modified_gmt":"2018-05-07T10:29:54","slug":"stornokosten","status":"publish","type":"page","link":"https:\/\/www.zouzoulahouse.com\/de\/stornokosten\/","title":{"rendered":"Stornokosten"},"content":{"rendered":"<h2>Buchung \/ Bezahlung<\/h2>\n<p>Reservierungen \/ Zahlungen<br \/>\nReservierungen: Vorkasse ist erforderlich.<br \/>\nZahlungen:<br \/>\nBei Reservierungen bis 2 Wochen vor Anreise 100% des Gesamtpreises.<br \/>\nBei Reservierungen mehr als 3 Wochen vor Ankunft 50% des Gesamtpreises.<br \/>\nDer Restbetrag muss 2 Wochen vor Anreise bezahlt werden.<br \/>\n<strong>Stornierungen:<\/strong><br \/>\nDamit die Stornierung als g\u00fcltig betrachtet wird, m\u00fcssen Sie sie per E-Mail senden, in der Sie eine Antwort erhalten M\u00dcSSEN. (Stornierungen per Telefon werden nicht als g\u00fcltig betrachtet).<br \/>\n<strong>Stornierungskosten:<\/strong><br \/>\nbis zu 60 Tage vor Anreise 30% des gebuchten Preises<br \/>\n59 bis 22 Tage vor Anreise 50% des gebuchten Preises<br \/>\n21 bis 15 Tage vor Anreise 80% des gebuchten Preises<br \/>\n14 Tage vor Anreise 100% des gebuchten Preises.<br \/>\nBeim Reiseabbruch muss der Gast 100% f\u00fcr die genutzte Tage zahlen und 50% vom verbleibenden Zeit.<\/p>\n<p>Bitte beachten Sie, dass f\u00fcr jede \u00dcbernachtung, gem\u00e4\u00df dem neuen Gesetz in Griechenland, 4389\/2016, FEK (Government Gazette) \u0391 94-2016, Artikel 53, eine Steuer auf den Aufenthalt f\u00fcr den \u00f6ffentlichen Teil f\u00fcr touristische Unternehmen ab 1\/ 1\/2018. erhoben wird\u00a0 In Zouzoula Apartments m\u00fcssen Sie 0,50 Euro extra pro Nacht pro Apartment bezahlen (nicht pro Person).<br \/>\nSie zahlen die zus\u00e4tzliche Geb\u00fchr bei der Ankunft.<\/p>\n<p>Siehe auch unsere\u00a0<a href=\"https:\/\/www.zouzoulahouse.com\/de\/privacy-policy\/\" target=\"_blank\" rel=\"noopener\">Datenschutzerkl\u00e4rung<\/a><\/p>\n<p>&nbsp;<\/p>\n","protected":false},"excerpt":{"rendered":"<p>Buchung \/ Bezahlung Reservierungen \/ Zahlungen Reservierungen: Vorkasse ist erforderlich. Zahlungen: Bei Reservierungen bis 2 Wochen vor Anreise 100% des Gesamtpreises. Bei Reservierungen mehr als 3 Wochen vor Ankunft 50% des Gesamtpreises. Der Restbetrag muss 2 Wochen vor Anreise bezahlt werden. Stornierungen: Damit die Stornierung als g\u00fcltig betrachtet wird, m\u00fcssen Sie sie per E-Mail senden, [&hellip;]<\/p>\n","protected":false},"author":1,"featured_media":0,"parent":0,"menu_order":0,"comment_status":"open","ping_status":"closed","template":"","meta":{"_et_pb_use_builder":"","_et_pb_old_content":"","_et_gb_content_width":"","footnotes":""},"class_list":["post-616","page","type-page","status-publish","hentry"],"_links":{"self":[{"href":"https:\/\/www.zouzoulahouse.com\/de\/wp-json\/wp\/v2\/pages\/616","targetHints":{"allow":["GET"]}}],"collection":[{"href":"https:\/\/www.zouzoulahouse.com\/de\/wp-json\/wp\/v2\/pages"}],"about":[{"href":"https:\/\/www.zouzoulahouse.com\/de\/wp-json\/wp\/v2\/types\/page"}],"author":[{"embeddable":true,"href":"https:\/\/www.zouzoulahouse.com\/de\/wp-json\/wp\/v2\/users\/1"}],"replies":[{"embeddable":true,"href":"https:\/\/www.zouzoulahouse.com\/de\/wp-json\/wp\/v2\/comments?post=616"}],"version-history":[{"count":3,"href":"https:\/\/www.zouzoulahouse.com\/de\/wp-json\/wp\/v2\/pages\/616\/revisions"}],"predecessor-version":[{"id":1533,"href":"https:\/\/www.zouzoulahouse.com\/de\/wp-json\/wp\/v2\/pages\/616\/revisions\/1533"}],"wp:attachment":[{"href":"https:\/\/www.zouzoulahouse.com\/de\/wp-json\/wp\/v2\/media?parent=616"}],"curies":[{"name":"wp","href":"https:\/\/api.w.org\/{rel}","templated":true}]}}