{"id":592,"date":"2015-03-19T10:33:41","date_gmt":"2015-03-19T10:33:41","guid":{"rendered":"https:\/\/www.zouzoulahouse.com\/?page_id=592"},"modified":"2018-09-26T14:05:19","modified_gmt":"2018-09-26T14:05:19","slug":"homepage","status":"publish","type":"page","link":"https:\/\/www.zouzoulahouse.com\/en\/","title":{"rendered":"Home page"},"content":{"rendered":"<p>[et_pb_section fb_built=&#8221;1&#8243; fullwidth=&#8221;on&#8221; admin_label=&#8221;section&#8221; _builder_version=&#8221;3.0.47&#8243;][et_pb_fullwidth_slider admin_label=&#8221;Fullwidth Slider&#8221; _builder_version=&#8221;3.0.99&#8243; background_size=&#8221;default&#8221; background_position=&#8221;default&#8221; box_shadow_style=&#8221;preset6&#8243; box_shadow_blur=&#8221;10px&#8221; box_shadow_color=&#8221;rgba(0,0,0,0.1)&#8221; custom_padding=&#8221;|||&#8221; custom_padding_tablet=&#8221;|||&#8221; custom_padding_phone=&#8221;|||&#8221; remove_inner_shadow=&#8221;off&#8221; hide_content_on_mobile=&#8221;off&#8221; hide_cta_on_mobile=&#8221;off&#8221; show_inner_shadow=&#8221;on&#8221;][et_pb_slide heading=&#8221;Zouzoula House Milina&#8221; use_bg_overlay=&#8221;off&#8221; use_text_overlay=&#8221;on&#8221; text_overlay_color=&#8221;rgba(0,0,0,0.6)&#8221; _builder_version=&#8221;3.0.47&#8243; header_font=&#8221;||||&#8221; body_font=&#8221;||||&#8221; background_color=&#8221;#8d1bf4&#8243; background_image=&#8221;https:\/\/www.zouzoulahouse.com\/wp-content\/uploads\/2013\/11\/slider1_zouzoula.png&#8221; background_size=&#8221;default&#8221; background_position=&#8221;default&#8221; button_icon_placement=&#8221;right&#8221; button_on_hover=&#8221;on&#8221;]<\/p>\n<div>Welcome to our Homepage!<\/div>\n<div>6 apartments with seaview!<\/div>\n<p>[\/et_pb_slide][\/et_pb_fullwidth_slider][\/et_pb_section][et_pb_section fb_built=&#8221;1&#8243; fullwidth=&#8221;on&#8221; _builder_version=&#8221;3.0.74&#8243; custom_padding=&#8221;|||120px&#8221; transparent_background=&#8221;off&#8221;][et_pb_fullwidth_header _builder_version=&#8221;3.15&#8243; background_color=&#8221;rgba(255,255,255,0)&#8221;]\n<div id=\"b24_widget_69e00a17d2820\"><span style=\"color:#fff\">Booking widget b24_widget_69e00a17d2820<\/span><\/div>\n\n<!-- jquery widget code -->\n<script>\njQuery(document).ready(function() {var b24Attr={widgettype:\"BookingStrip\",propid:\"23046\",boxShadow:true,buttonTitle:\"check availability\",dateFormat:\"dd.mm.yy\",dateSelection:\"3\",defaultNightsAdvance:\"0\",defaultNumAdult:\"2\",defaultNumNight:\"4\",formAction:\"https:\/\/www.beds24.com\/booking.php\",formTarget:\"bookingWindow\",maxAdult:\"10\",maxChild:\"9\",peopleSelection:\"2\",referer:\"Calender\",weekFirstDay:\"1\",widgetLang:\"en\",widgetType:\"BookingStrip\",width:\"auto\",};jQuery('#b24_widget_69e00a17d2820').bookWidget(b24Attr);});\n<\/script>\n\n<br \/>\n[\/et_pb_fullwidth_header][\/et_pb_section][et_pb_section fb_built=&#8221;1&#8243; admin_label=&#8221;section&#8221; _builder_version=&#8221;3.0.47&#8243;][et_pb_row admin_label=&#8221;row&#8221; _builder_version=&#8221;3.15&#8243; background_size=&#8221;initial&#8221; background_position=&#8221;top_left&#8221; background_repeat=&#8221;repeat&#8221; module_alignment=&#8221;center&#8221; make_fullwidth=&#8221;on&#8221;][et_pb_column type=&#8221;1_3&#8243; _builder_version=&#8221;3.0.47&#8243; parallax=&#8221;off&#8221; parallax_method=&#8221;on&#8221;][et_pb_blurb title=&#8221;Accommodation&#8221; url=&#8221;https:\/\/www.zouzoulahouse.com\/en\/accommodation\/&#8221; image=&#8221;https:\/\/www.zouzoulahouse.com\/wp-content\/uploads\/2013\/12\/zouzoula_5.jpg&#8221; _builder_version=&#8221;3.15&#8243; background_size=&#8221;initial&#8221; background_position=&#8221;top_left&#8221; background_repeat=&#8221;repeat&#8221; text_orientation=&#8221;center&#8221;]The house has two floors and 6 apartments , four of them with sea view and two with mountain view. All apartments are modern equipped, clean and well maintained. The friendly homeowner couple always takes of their guests and strives to ensure that nothing is missing. In front of the house crosses the main road of the village and after 20 meters it can be reached the sea. The pebble beach is suitable for families<br \/>\n[\/et_pb_blurb][\/et_pb_column][et_pb_column type=&#8221;1_3&#8243; _builder_version=&#8221;3.0.47&#8243; parallax=&#8221;off&#8221; parallax_method=&#8221;on&#8221;][et_pb_blurb title=&#8221;Location&#8221; url=&#8221;https:\/\/www.zouzoulahouse.com\/en\/location\/&#8221; image=&#8221;https:\/\/www.zouzoulahouse.com\/wp-content\/uploads\/2015\/03\/IMG_3796.jpg&#8221; _builder_version=&#8221;3.0.74&#8243; background_size=&#8221;initial&#8221; background_position=&#8221;top_left&#8221; background_repeat=&#8221;repeat&#8221; text_orientation=&#8221;center&#8221;]Zouzoula house is located almost on the edge of the village of Milina just accross the uninhabited island Alatas and only 30 meters from the beach, which is separated by the local road. Milina is the gateway to the South and South East Pelion. From Milina you can reach towards east Platanias and Mikro as well Katigiorgis, at south you can reach Trikeri Agia Kyriaki and the small inhabited island Trikeri.<br \/>\n[\/et_pb_blurb][\/et_pb_column][et_pb_column type=&#8221;1_3&#8243; _builder_version=&#8221;3.0.47&#8243; parallax=&#8221;off&#8221; parallax_method=&#8221;on&#8221;][et_pb_blurb title=&#8221;House in The village&#8221; url=&#8221;https:\/\/www.zouzoulahouse.com\/en\/house-in-the-village\/&#8221; image=&#8221;https:\/\/www.zouzoulahouse.com\/wp-content\/uploads\/2018\/09\/IMG_5532.jpg&#8221; _builder_version=&#8221;3.15&#8243; background_size=&#8221;initial&#8221; background_position=&#8221;top_left&#8221; background_repeat=&#8221;repeat&#8221; text_orientation=&#8221;center&#8221;]Our family runs also a holiday house inside the village of Milina. It has three apartments with garden view suitable for families with children. Each apartment has a kitchen and a balcony overlooking the garden which is full of lemon trees.<br \/>\n[\/et_pb_blurb][\/et_pb_column][\/et_pb_row][et_pb_row admin_label=&#8221;row&#8221; _builder_version=&#8221;3.0.47&#8243; background_size=&#8221;initial&#8221; background_position=&#8221;top_left&#8221; background_repeat=&#8221;repeat&#8221;][et_pb_column type=&#8221;4_4&#8243; _builder_version=&#8221;3.0.47&#8243; parallax=&#8221;off&#8221; parallax_method=&#8221;on&#8221;][et_pb_text _builder_version=&#8221;3.0.87&#8243; background_size=&#8221;initial&#8221; background_position=&#8221;top_left&#8221; background_repeat=&#8221;repeat&#8221; use_border_color=&#8221;off&#8221; border_color=&#8221;#ffffff&#8221; border_style=&#8221;solid&#8221;]Zouzoula house is located almost on the edge of the village of <strong>Milina<\/strong> just accross the uninhabited island Alatas and only 30 meters from the beach, which is separated by the local road. The location is ideal for excursions, and the best way to explore the whole peninsula of <strong>Pelion<\/strong>. Milina is the gateway to the South and South East Pelion. From Milina you can reach towards east, Platanias and Mikro as well Katigiorgis, at south you can reach Trikeri, Agia Kyriaki and the small inhabited island Trikeri.<br \/>\n[\/et_pb_text][et_pb_text _builder_version=&#8221;3.0.47&#8243; background_size=&#8221;initial&#8221; background_position=&#8221;top_left&#8221; background_repeat=&#8221;repeat&#8221; text_orientation=&#8221;center&#8221; module_alignment=&#8221;center&#8221;]<\/p>\n<h2 style=\"text-align: center;\">Our Apartments<\/h2>\n<p>[\/et_pb_text][et_pb_blog fullwidth=&#8221;off&#8221; posts_number=&#8221;3&#8243; include_categories=&#8221;5&#8243; show_author=&#8221;off&#8221; show_date=&#8221;off&#8221; show_categories=&#8221;off&#8221; show_pagination=&#8221;off&#8221; admin_label=&#8221;Blog&#8221; _builder_version=&#8221;3.0.94&#8243;][\/et_pb_blog][et_pb_divider show_divider=&#8221;off&#8221; disabled_on=&#8221;on|on|off&#8221; _builder_version=&#8221;3.2&#8243; hide_on_mobile=&#8221;on&#8221;][\/et_pb_divider][\/et_pb_column][\/et_pb_row][et_pb_row make_fullwidth=&#8221;on&#8221; use_custom_gutter=&#8221;on&#8221; gutter_width=&#8221;1&#8243; parallax_method_1=&#8221;off&#8221; _builder_version=&#8221;3.0.47&#8243; background_size=&#8221;initial&#8221; background_position=&#8221;top_left&#8221; background_repeat=&#8221;repeat&#8221;][et_pb_column type=&#8221;4_4&#8243; _builder_version=&#8221;3.0.47&#8243; parallax=&#8221;off&#8221; parallax_method=&#8221;off&#8221;][et_pb_gallery gallery_ids=&#8221;1224,1121,1119,1118,1117,1116,1115,1106&#8243; posts_number=&#8221;8&#8243; show_title_and_caption=&#8221;off&#8221; show_pagination=&#8221;off&#8221; _builder_version=&#8221;3.0.87&#8243; use_border_color=&#8221;off&#8221; border_color=&#8221;#ffffff&#8221; border_style=&#8221;solid&#8221;][\/et_pb_gallery][\/et_pb_column][\/et_pb_row][et_pb_row _builder_version=&#8221;3.0.47&#8243; background_size=&#8221;initial&#8221; background_position=&#8221;top_left&#8221; background_repeat=&#8221;repeat&#8221;][et_pb_column type=&#8221;2_3&#8243; _builder_version=&#8221;3.0.47&#8243; parallax=&#8221;off&#8221; parallax_method=&#8221;on&#8221;][et_pb_map address=&#8221;\u0395\u03c0\u03b1\u03c1\u03c7\u03b9\u03b1\u03ba\u03ae \u039f\u03b4\u03cc\u03c2 \u039c\u03b7\u03bb\u03af\u03bd\u03b1\u03c2-\u03a0\u03c1\u03bf\u03bc\u03ae\u03c1\u03b9\u03bf\u03c5, \u039d\u03cc\u03c4\u03b9\u03bf \u03a0\u03ae\u03bb\u03b9\u03bf, \u0395\u03bb\u03bb\u03ac\u03b4\u03b1&#8221; zoom_level=&#8221;13&#8243; address_lat=&#8221;39.17484630000003&#8243; address_lng=&#8221;23.25567810000007&#8243; mouse_wheel=&#8221;off&#8221; admin_label=&#8221;Map&#8221; _builder_version=&#8221;3.0.91&#8243;][et_pb_map_pin pin_address=&#8221;\u039c\u03b7\u03bb\u03af\u03bd\u03b1, \u0395\u03bb\u03bb\u03ac\u03b4\u03b1&#8221; pin_address_lat=&#8221;39.1711081&#8243; pin_address_lng=&#8221;23.22110620000001&#8243; _builder_version=&#8221;3.0.47&#8243;][\/et_pb_map_pin][\/et_pb_map][\/et_pb_column][et_pb_column type=&#8221;1_3&#8243; _builder_version=&#8221;3.0.47&#8243; parallax=&#8221;off&#8221; parallax_method=&#8221;on&#8221;][et_pb_text admin_label=&#8221;Text&#8221; _builder_version=&#8221;3.0.74&#8243; background_size=&#8221;initial&#8221; background_position=&#8221;top_left&#8221; background_repeat=&#8221;repeat&#8221;]<\/p>\n<h2>ABOUT MILINA<\/h2>\n<div class=\"paragraph\">\n<p class=\"emphasizeleft\">Almost at the end of the peninsula of Pelion is located the small village of Milina. The charming landscape with its many olive trees stretches along the beach. In the village there are taverns, cafes, and shopping opportunities. Just accross Milina is located the small island of Alatas. With a boat it is easily to reach the island Alatas.<\/p>\n<\/div>\n<p>[\/et_pb_text][\/et_pb_column][\/et_pb_row][\/et_pb_section][et_pb_section fb_built=&#8221;1&#8243; admin_label=&#8221;section&#8221; _builder_version=&#8221;3.0.74&#8243; background_color=&#8221;#ffffff&#8221; transparent_background=&#8221;off&#8221;][et_pb_row admin_label=&#8221;row&#8221; _builder_version=&#8221;3.0.47&#8243; background_size=&#8221;initial&#8221; background_position=&#8221;top_left&#8221; background_repeat=&#8221;repeat&#8221;][\/et_pb_row][\/et_pb_section]<\/p>\n","protected":false},"excerpt":{"rendered":"<p>Welcome to our Homepage!6 apartments with seaview!\n<div id=\"b24_widget_69e00a17e3f7b\"><span style=\"color:#fff\">Booking widget b24_widget_69e00a17e3f7b<\/span><\/div>\n\n<!-- jquery widget code -->\n<script>\njQuery(document).ready(function() {var b24Attr={widgettype:\"BookingStrip\",propid:\"23046\",boxShadow:true,buttonTitle:\"check availability\",dateFormat:\"dd.mm.yy\",dateSelection:\"3\",defaultNightsAdvance:\"0\",defaultNumAdult:\"2\",defaultNumNight:\"4\",formAction:\"https:\/\/www.beds24.com\/booking.php\",formTarget:\"bookingWindow\",maxAdult:\"10\",maxChild:\"9\",peopleSelection:\"2\",referer:\"Calender\",weekFirstDay:\"1\",widgetLang:\"en\",widgetType:\"BookingStrip\",width:\"auto\",};jQuery('#b24_widget_69e00a17e3f7b').bookWidget(b24Attr);});\n<\/script>\n\n The house has two floors and 6 apartments , four of them with sea view and two with mountain view. All apartments are modern equipped, clean and well maintained. [&hellip;]<\/p>\n","protected":false},"author":1,"featured_media":0,"parent":0,"menu_order":0,"comment_status":"open","ping_status":"closed","template":"","meta":{"_et_pb_use_builder":"on","_et_pb_old_content":"<h2 style=\"text-align: justify;\">\u00dcber Milina<\/h2><p style=\"text-align: justify;\">Fast am Ende der Landzunge der Halbinsel Pilion befindet sich der kleine Fischerort Milina. In dieser waldreichen Gegend waren vormals viele Holzschnitzer t\u00e4tig - heute zieht die idyllische Atmosph\u00e4re des Dorfes immer mehr Urlauber in dieses s\u00fcdliche Gebiet des Pilion am Pagasitikos Golf.<br \/> Im Dorf gibt es Tavernen, Caf\u00e9s, Einkaufsm\u00f6glichkeiten und zwei Bootsanlegeplatze, von wo aus man die Besucher bei Ausfl\u00fcgen zu den Inseln Alatas und Prassouda oder zur etwas weiter entfernt liegenden Insel Trikeri bringt. Auch mit einem mitgebrachten Schlauchboot oder einem gemieteten Motorboot kann man die Insel Alatas problemlos auf eigene Faust erreichen.<\/p><p>\u00a0<\/p>","_et_gb_content_width":"","footnotes":""},"class_list":["post-592","page","type-page","status-publish","hentry"],"_links":{"self":[{"href":"https:\/\/www.zouzoulahouse.com\/en\/wp-json\/wp\/v2\/pages\/592","targetHints":{"allow":["GET"]}}],"collection":[{"href":"https:\/\/www.zouzoulahouse.com\/en\/wp-json\/wp\/v2\/pages"}],"about":[{"href":"https:\/\/www.zouzoulahouse.com\/en\/wp-json\/wp\/v2\/types\/page"}],"author":[{"embeddable":true,"href":"https:\/\/www.zouzoulahouse.com\/en\/wp-json\/wp\/v2\/users\/1"}],"replies":[{"embeddable":true,"href":"https:\/\/www.zouzoulahouse.com\/en\/wp-json\/wp\/v2\/comments?post=592"}],"version-history":[{"count":8,"href":"https:\/\/www.zouzoulahouse.com\/en\/wp-json\/wp\/v2\/pages\/592\/revisions"}],"predecessor-version":[{"id":1911,"href":"https:\/\/www.zouzoulahouse.com\/en\/wp-json\/wp\/v2\/pages\/592\/revisions\/1911"}],"wp:attachment":[{"href":"https:\/\/www.zouzoulahouse.com\/en\/wp-json\/wp\/v2\/media?parent=592"}],"curies":[{"name":"wp","href":"https:\/\/api.w.org\/{rel}","templated":true}]}}